{"id":2,"date":"2021-05-11T11:55:21","date_gmt":"2021-05-11T11:55:21","guid":{"rendered":"https:\/\/hotelcamelia.be\/?page_id=2"},"modified":"2026-02-03T19:13:11","modified_gmt":"2026-02-03T19:13:11","slug":"bienvenue","status":"publish","type":"page","link":"https:\/\/hotelcamelia.be\/","title":{"rendered":"Bienvenue"},"content":{"rendered":"\n<p><strong>Situ\u00e9 <\/strong>en Wallonie, \u00e0 haute de bouge. notre restaurant vous accueille tout au long de l&rsquo;ann\u00e9e.<br><br>Nous vous proposons <strong>tous les jours <\/strong>une cuisine asiatique vari\u00e9e et \u00e9quilibr\u00e9e,<br>dans une ambiance sobre et finement travaill\u00e9e.<\/p>\n\n\n\n<p><strong>Vous trouverez en d\u00e9tail sur l&rsquo;onglet &lsquo;<a href=\"https:\/\/hotelcamelia.be\/?page_id=49\">restaurant<\/a>&lsquo; les produits que nous vous proposons quotidiennement<\/strong><\/p>\n\n\n\n<p><\/p>\n\n\n\n<blockquote class=\"wp-block-quote is-layout-flow wp-block-quote-is-layout-flow\">\n<p><strong>Qui sommes-nous ?<\/strong><br>Nous sommes Yen, la patronne, et Ping, le patron, un jeune couple qui avons d\u00e9cid\u00e9 de nous lancer dans cette aventure apr\u00e8s des ann\u00e9es pass\u00e9es \u00e0 travailler dans divers endroits de Belgique. Nous avons choisi de nous installer \u00e0 Bouge pour l&rsquo;ambiance saine qui y r\u00e8gne, pour la proximit\u00e9 de ses belles for\u00eats, pour son patrimoine unique, ainsi que pour pouvoir contribuer \u00e0 son d\u00e9veloppement, d&rsquo;une mani\u00e8re humble et constante. Toujours \u00e0 votre disposition.<\/p>\n<\/blockquote>\n\n\n\n<p class=\"has-text-align-center\">Le Cam\u00e9lia &#8211; Rue du Grand Feu 128, 5004 Bouge. <\/p>\n","protected":false},"excerpt":{"rendered":"<p>Situ\u00e9 en Wallonie, \u00e0 haute de bouge. notre restaurant vous accueille tout au long de l&rsquo;ann\u00e9e. Nous vous proposons tous les jours une cuisine asiatique vari\u00e9e et \u00e9quilibr\u00e9e,dans une ambiance sobre et finement travaill\u00e9e. Vous trouverez en d\u00e9tail sur l&rsquo;onglet &lsquo;restaurant&lsquo; les produits que nous vous proposons quotidiennement Qui sommes-nous ?Nous sommes Yen, la patronne, <a href=\"https:\/\/hotelcamelia.be\/\" class=\"more-link\">[&hellip;]<\/a><\/p>\n","protected":false},"author":1,"featured_media":0,"parent":0,"menu_order":0,"comment_status":"closed","ping_status":"open","template":"","meta":{"spay_email":"","footnotes":""},"class_list":["post-2","page","type-page","status-publish","hentry"],"yoast_head":"<!-- This site is optimized with the Yoast SEO plugin v16.2 - https:\/\/yoast.com\/wordpress\/plugins\/seo\/ -->\n<title>Bienvenue - Le Cam\u00e9lia<\/title>\n<meta name=\"robots\" content=\"index, follow, max-snippet:-1, max-image-preview:large, max-video-preview:-1\" \/>\n<link rel=\"canonical\" href=\"https:\/\/hotelcamelia.be\/\" \/>\n<meta property=\"og:locale\" content=\"fr_FR\" \/>\n<meta property=\"og:type\" content=\"article\" \/>\n<meta property=\"og:title\" content=\"Bienvenue - Le Cam\u00e9lia\" \/>\n<meta property=\"og:description\" content=\"Situ\u00e9 en Wallonie, \u00e0 haute de bouge. notre restaurant vous accueille tout au long de l&rsquo;ann\u00e9e. Nous vous proposons tous les jours une cuisine asiatique vari\u00e9e et \u00e9quilibr\u00e9e,dans une ambiance sobre et finement travaill\u00e9e. Vous trouverez en d\u00e9tail sur l&rsquo;onglet &lsquo;restaurant&lsquo; les produits que nous vous proposons quotidiennement Qui sommes-nous ?Nous sommes Yen, la patronne, [&hellip;]\" \/>\n<meta property=\"og:url\" content=\"https:\/\/hotelcamelia.be\/\" \/>\n<meta property=\"og:site_name\" content=\"Le Cam\u00e9lia\" \/>\n<meta property=\"article:modified_time\" content=\"2026-02-03T19:13:11+00:00\" \/>\n<meta name=\"twitter:card\" content=\"summary_large_image\" \/>\n<meta name=\"twitter:label1\" content=\"Dur\u00e9e de lecture est.\">\n\t<meta name=\"twitter:data1\" content=\"1 minute\">\n<script type=\"application\/ld+json\" class=\"yoast-schema-graph\">{\"@context\":\"https:\/\/schema.org\",\"@graph\":[{\"@type\":\"WebSite\",\"@id\":\"https:\/\/hotelcamelia.be\/#website\",\"url\":\"https:\/\/hotelcamelia.be\/\",\"name\":\"Le Cam\\u00e9lia\",\"description\":\"Bienvenue\",\"potentialAction\":[{\"@type\":\"SearchAction\",\"target\":\"https:\/\/hotelcamelia.be\/?s={search_term_string}\",\"query-input\":\"required name=search_term_string\"}],\"inLanguage\":\"fr-FR\"},{\"@type\":\"WebPage\",\"@id\":\"https:\/\/hotelcamelia.be\/#webpage\",\"url\":\"https:\/\/hotelcamelia.be\/\",\"name\":\"Bienvenue - Le Cam\\u00e9lia\",\"isPartOf\":{\"@id\":\"https:\/\/hotelcamelia.be\/#website\"},\"datePublished\":\"2021-05-11T11:55:21+00:00\",\"dateModified\":\"2026-02-03T19:13:11+00:00\",\"breadcrumb\":{\"@id\":\"https:\/\/hotelcamelia.be\/#breadcrumb\"},\"inLanguage\":\"fr-FR\",\"potentialAction\":[{\"@type\":\"ReadAction\",\"target\":[\"https:\/\/hotelcamelia.be\/\"]}]},{\"@type\":\"BreadcrumbList\",\"@id\":\"https:\/\/hotelcamelia.be\/#breadcrumb\",\"itemListElement\":[{\"@type\":\"ListItem\",\"position\":1,\"item\":{\"@type\":\"WebPage\",\"@id\":\"https:\/\/hotelcamelia.be\/\",\"url\":\"https:\/\/hotelcamelia.be\/\",\"name\":\"Accueil\"}},{\"@type\":\"ListItem\",\"position\":2,\"item\":{\"@id\":\"https:\/\/hotelcamelia.be\/#webpage\"}}]}]}<\/script>\n<!-- \/ Yoast SEO plugin. -->","_links":{"self":[{"href":"https:\/\/hotelcamelia.be\/index.php?rest_route=\/wp\/v2\/pages\/2","targetHints":{"allow":["GET"]}}],"collection":[{"href":"https:\/\/hotelcamelia.be\/index.php?rest_route=\/wp\/v2\/pages"}],"about":[{"href":"https:\/\/hotelcamelia.be\/index.php?rest_route=\/wp\/v2\/types\/page"}],"author":[{"embeddable":true,"href":"https:\/\/hotelcamelia.be\/index.php?rest_route=\/wp\/v2\/users\/1"}],"replies":[{"embeddable":true,"href":"https:\/\/hotelcamelia.be\/index.php?rest_route=%2Fwp%2Fv2%2Fcomments&post=2"}],"version-history":[{"count":14,"href":"https:\/\/hotelcamelia.be\/index.php?rest_route=\/wp\/v2\/pages\/2\/revisions"}],"predecessor-version":[{"id":95,"href":"https:\/\/hotelcamelia.be\/index.php?rest_route=\/wp\/v2\/pages\/2\/revisions\/95"}],"wp:attachment":[{"href":"https:\/\/hotelcamelia.be\/index.php?rest_route=%2Fwp%2Fv2%2Fmedia&parent=2"}],"curies":[{"name":"wp","href":"https:\/\/api.w.org\/{rel}","templated":true}]}}