{"id":49,"date":"2021-05-12T14:11:11","date_gmt":"2021-05-12T14:11:11","guid":{"rendered":"https:\/\/hotelcamelia.be\/?page_id=49"},"modified":"2025-12-03T21:57:17","modified_gmt":"2025-12-03T21:57:17","slug":"restaurant","status":"publish","type":"page","link":"https:\/\/hotelcamelia.be\/?page_id=49","title":{"rendered":"Restaurant"},"content":{"rendered":"\n<h3 class=\"wp-block-heading\">R\u00e9servez au 081356160<\/h3>\n\n\n\n<div class=\"wp-block-group\"><div class=\"wp-block-group__inner-container is-layout-flow wp-block-group-is-layout-flow\">\n<div class=\"wp-block-columns is-layout-flex wp-container-core-columns-is-layout-9d6595d7 wp-block-columns-is-layout-flex\">\n<div class=\"wp-block-column is-layout-flow wp-block-column-is-layout-flow\" style=\"flex-basis:50%\">\n<p><strong>Nos potages :<\/strong><br><br>Potage Wantan 6.50<br>Cr\u00e8me de nid d&rsquo;hirondelle 5.00<br>Potage piquant 5.00<br>Potage aux champignons et cheveux d&rsquo;ange 5..00<br>Potage aux scampis et \u00e0 la citronnelle tha\u00ef 8,00<br>Potage au poulet, lait de coco et citronnelle 7.00<\/p>\n\n\n\n<p><strong>Entr\u00e9es froides :<br><\/strong><br>Carpaccio de boeuf, citron et cacahu\u00e8tes 15.00<br>Salade aux l\u00e9gumes    8.00<br>Salade de soja et poulet 8.00<\/p>\n<\/div>\n\n\n\n<div class=\"wp-block-column is-layout-flow wp-block-column-is-layout-flow\" style=\"flex-basis:50%\">\n<p><strong>Entr\u00e9es chaudes :<\/strong><br><br>Loempia 7.00<br>Nem vietnamien 7.00<br>Croquettes tha\u00ef 7.00<br>Croquettes aux fruits de mer 8.00<br>Croquettes en triangle au curry 7.00<br>Poulet grill\u00e9 aux feuilles de citron 8.00<br>Poulet enrob\u00e9 de feuilles de bananier 8.00<br>Sat\u00e9 de porc 7.00<br>Scampis frits 8.00<br>Scampis \u00e0 l&rsquo;ail 11.00<br>Pain de scampis tha\u00ef 11.00<br>Gambas grill\u00e9es tha\u00ef 15,00<br>Scampis poivre et sel 11.00<br>Cuisses de grenouilles \u00e0 l&rsquo;ail 11.00<br>Cuisses de grenouilles poivre et sel 11,00<br>Coquille St-Jacques \u00e0 l\u2019ail 14,00<br>Hors d&rsquo;oeuvre chinois 7.50<br>Assortiment d&rsquo;entr\u00e9es tha\u00ef 16,00<br>5 vari\u00e9t\u00e9s 8.00<br>Raviolis aux crevettes 8.00<br>Demi-lune aux l\u00e9gumes et viande 7.00<br>Bouch\u00e9e de viande et scampis 7.00<br>Toufou farcis \u00e0 la vapeur 8,50<br>Dim sum \u00e0 la vapeur 8,50<\/p>\n\n\n\n<p>Baozi aux l\u00e9gumes \u00e0 la vapeur 7.00<\/p>\n\n\n\n<p><br><\/p>\n<\/div>\n<\/div>\n<\/div><\/div>\n\n\n\n<div class=\"wp-block-columns is-layout-flex wp-container-core-columns-is-layout-9d6595d7 wp-block-columns-is-layout-flex\">\n<div class=\"wp-block-column is-layout-flow wp-block-column-is-layout-flow\">\n<p><strong>Poulet \/ Canard :<br><br><\/strong>Poulet aux l\u00e9gumes 14.00<br>Poulet aux noix de cajou 14.00<br>Beignets de poulet sauce aigre-douce 14.00<br>Poulet Tippan 15,00<br>Poulet au curry doux et lait de coco 15,00<br>Poulet au basilic tha\u00ef piquant 15.00<br>Poulet au curry vert et lait de coco 15,00<br>Poulet laqu\u00e9 \u00e0 la citronnelle 15,00<br>Poulet laqu\u00e9 du chef 14.00<br>Canard laqu\u00e9 aux cr\u00eapes 18,50<br>Canard laqu\u00e9 \u00e0 l&rsquo;orange 18,00<br>Canard laqu\u00e9 \u00e0 la sauce piquante 18,00<br>Canard aux champignons chinois 18.50<br>Canard sur Ti pan 19.00<br>Canard au curry rouge \u00e0 la cr\u00e8me de coco 19.00<br>Canard au curry vert \u00e0 la cr\u00e8me de coco 19.00<br>Canard \u00e0 la sauce piquante au basilic 17,00<\/p>\n<\/div>\n\n\n\n<div class=\"wp-block-column is-layout-flow wp-block-column-is-layout-flow\">\n<p><strong>Viandes<\/strong><br><br>Porc fa\u00e7on &lsquo;Tza-Trai&rsquo; 14.00<br>Porc \u00e0 la sauce aigre-douce 14.00<br>Porc Tippan fa\u00e7on sichuam 15.50<br>Filet de boeuf poivre noir (grill) 22.00<\/p>\n\n\n\n<p>Filet de boeuf poivre vert cr\u00e8me+frites 21.00<br>Boeuf aux oignons 16.00<br>Boeuf aux tiges de chou chinois 16.00<br>Boeuf \u00e0 la sauce piquante au basilic 17.00<br>Boeuf aux champignons chinois 17.00<br>Boeuf curry rouge \u00e0 la cr\u00e8me de coco 17,00<br>Boeuf curry vert \u00e0 la cr\u00e8me de coco 17,00<br>Eminc\u00e9s d&rsquo;agneau sauce Shacha 21.00<br>Agneau au gingembre et tige d\u2019oignons verts 21.00<br>Eminc\u00e9s d&rsquo;agneau \u00e0 l&rsquo;indienne 22.00<br>Eminc\u00e9s d&rsquo;agneau \u00e0 la sauce basilic Thai 22.00<br>C\u00f4te d&rsquo;agneau grill\u00e9e aux fines herbes 22,00<br>Cuisses de grenouilles \u00e0 l&rsquo;ail 19,00<br>Cuisses de grenouilles poivre et sel 19,00<br>Cuisses de grenouilles \u00e0 la sauce basilic Thai 20,00<\/p>\n<\/div>\n<\/div>\n\n\n\n<div class=\"wp-block-columns is-layout-flex wp-container-core-columns-is-layout-9d6595d7 wp-block-columns-is-layout-flex\">\n<div class=\"wp-block-column is-layout-flow wp-block-column-is-layout-flow\">\n<p><strong>Fruits de mer :<br><\/strong><br>Cabillaud \u00e0 la vapeur au gingembre 19,00<br>Poisson grilli aux Fines herbes 19,00<br>Poisson \u00e0 la vapeur en feuille de lotus 21,00<br>Duo de poissons aux petits l\u00e9gumes \u00e0 la vapeur 22,00<br>Scampis \u00e0 l\u2019ail 18.00<br>Scampis aux l\u00e9gumes 18.00<br>Beignets de scampis sauce aigre-douce 18.00<br>Scampis saut\u00e9 aux noix de cajou 18.00<br>Gambas sur Ti-pan 22,00<br>Gambas \u00e0 la vapeur aux \u00ab\u00a0Tao Si Wang\u00a0\u00bb 22,00<br>Scampis \u00e0 la sauce piquante au basilic 20.00<\/p>\n\n\n\n<p>Scampis \u00e0 la citronelle sur Ti-pan 20.00<br>Scampis au curry rouge \u00e0 la cr\u00e8me de coco 20.00<br>Scampis au curry vert \u00e0 la cr\u00e8me de coco 20.00<br>Calamars aux l\u00e9gumes \u00e0 la sauce piquante 16.00<br>Calamars \u00e0 la sauce basilic Thai 16,00<br>Calamars aux haricots noirs 16.00<br>Beignets de calamars \u00e0 la sauce aigre-douce 16,00<br>Coquilles Saint-Jacques saut\u00e9es Maison 20,00<br>Coquilles Saint-Jacques sur son lit \u00e0 la vapeur 20,00<br>Coquilles Saint-Jacques aux brocolis 20,00<br>Coquilles Saint-Jacques \u00e0 l\u2019ail 20,00<br>Marmite aux Tr\u00e9sors de la mer 22.00<\/p>\n<\/div>\n\n\n\n<div class=\"wp-block-column is-layout-flow wp-block-column-is-layout-flow\">\n<p><strong>Divers :<\/strong><br><br><br>Plat de famille chinoise en marmite 22.00<br>Marmite du P\u00eacheur et l\u00e9gumes Thai 22.00<br>Panach\u00e9 de l\u00e9gumes saut\u00e9 14,00<br>Gambas grill\u00e9 Thai+riz saut\u00e9 26.00<\/p>\n\n\n\n<p>Pad Thai( vermichelle saut\u00e9 au poulet ou boeuf) 16.00<\/p>\n\n\n\n<p>Pad thai au scampis 18.00<\/p>\n\n\n\n<p>Saumon au l\u00e9gumes saison+ riz saut\u00e9 23.00<br><br><strong>Riz et Nouilles :<\/strong><br><br>Nouilles saut\u00e9es au poulet 13.00<br>Nouilles saut\u00e9es aux l\u00e9gumes 13.00<br>Nouilles saut\u00e9es au boeuf 14.00<br>Nouilles saut\u00e9es aux scampis 15.00<br>Nouilles saut\u00e9es Maison 15.00<br>Riz saut\u00e9 au poulet 13.00<br>Riz saut\u00e9 aux scampis 15.00<br>Riz saut\u00e9 sp\u00e9cial au curry 15.00<\/p>\n\n\n\n<p>Riz saut\u00e9 fa\u00e7on Thai(poulet ou boeuf) 14.00<\/p>\n\n\n\n<p>Riz saut\u00e9 fa\u00e7on Thai aux scampis 16.00<br><br>***TOUS NOS PLATS SONT ACCOMPAGNES DE RIZ BLANC***<br><br>***RIZ OU NOUILLES SAUTES<br>EN ACCOMPAGNEMENT POUR 4.00\u20ac***<\/p>\n<\/div>\n<\/div>\n\n\n\n<div class=\"wp-block-columns is-layout-flex wp-container-core-columns-is-layout-9d6595d7 wp-block-columns-is-layout-flex\">\n<div class=\"wp-block-column is-layout-flow wp-block-column-is-layout-flow\">\n<blockquote class=\"wp-block-quote is-layout-flow wp-block-quote-is-layout-flow\">\n<p><strong>Menu enfant &#8212; 12,00<\/strong> <br>potage poulet et cheveux d&rsquo;ange ou sat\u00e9 de porc ou glace poulet aux ananas ou nouilles saut\u00e9es<\/p>\n<\/blockquote>\n\n\n\n<p><strong>Suggestions: <\/strong><br>Dimsum 4 \u00e9tages \u00e0 la vapeur 14,00<br>Dimsum 4 \u00e9tages mixtes 14,00<br>Dimsum 6 \u00e9tages mixtes 17,00<br>Dimsum 8 \u00e9tages mixtes 19.00<\/p>\n\n\n\n<p>Dimsum 6 \u00e9tages \u00e0 la vapeur 17,00<\/p>\n<\/div>\n<\/div>\n\n\n\n<p class=\"has-text-align-left\"><mark style=\"background-color:rgba(0, 0, 0, 0)\" class=\"has-inline-color has-vivid-cyan-blue-color\"><strong>Plateaux sp\u00e9ciaux<\/strong><\/mark><\/p>\n\n\n\n<div class=\"wp-block-columns is-layout-flex wp-container-core-columns-is-layout-9d6595d7 wp-block-columns-is-layout-flex\">\n<div class=\"wp-block-column is-layout-flow wp-block-column-is-layout-flow\">\n<p><strong>Plateau de canard <\/strong>(min. 2 pers.) 45.00<br>Canard laqu\u00e9<br>Canard \u00e0 l&rsquo;orange<br>Canard au curry rouge \u00e0 la cr\u00e8me coco<br>Canard \u00e0 la sauce d&rsquo;huitre<br>Riz Saut\u00e9 cantonnais<br><br><strong>Plateau de poulet <\/strong>(min. 2 pers.) 40,00<br>Poulet laqu\u00e9 du chef<br>D\u00e9s de poulet frits \u00e0 l&rsquo;aigre-doux<br>Poulet sauce piquante<br>Poulet au curry<br>Riz saut\u00e9 cantonnais<\/p>\n<\/div>\n\n\n\n<div class=\"wp-block-column is-layout-flow wp-block-column-is-layout-flow\">\n<p><strong>Plateau de Fruits de mer<\/strong> (min. 2 pers.) 55,00<br>Cabillaud \u00e0 la sauce aigre-douce<br>Scampis \u00ab\u00a0Ming Ha\u00a0\u00bb<br>Coquilles Saint-Jacques Maison<br>Calamars sauce piquante<br>Riz saut\u00e9 cantonnais<br><br><strong>Assiette \u00ab\u00a0Grill\u00a0\u00bb<\/strong> (min. 2 pers.) 46,00<br>Poulet grill\u00e9 aux feuilles de citron<br>Gambas grill\u00e9s<br>Beouf grill\u00e9s<br>Sat\u00e9 de porc<br>Agneau grill\u00e9<br>Riz saut\u00e9 cantonnais<\/p>\n<\/div>\n<\/div>\n\n\n\n<blockquote class=\"wp-block-quote is-layout-flow wp-block-quote-is-layout-flow\">\n<p><strong>Menu Maison<\/strong> &#8211; 25.00<br>Potage aux raviolis chinois ou potage au poulet Thai<br>Hors d&rsquo;\u0153uvre chinois ou croquette Thai<br>Plat au choix: Canard laqu\u00e9 ou scampis aux l\u00e9gumes ou poulet au basilic piquant <br>Dessert salade de fruits ou glace<\/p>\n<\/blockquote>\n\n\n\n<blockquote class=\"wp-block-quote is-layout-flow wp-block-quote-is-layout-flow\">\n<p><strong>Menu Saveur <\/strong>(min. 2 pers.) &#8211; 34,00 P.P<br>Potage cr\u00e8me de nids d&rsquo;hirondelles ou potage piquant<br>Entr\u00e9e: Croquette de fruits de mer<br>Plat compos\u00e9 de: Canard laqu\u00e9 \u00e0 l&rsquo;orange, Scampi \u00e0 l&rsquo;ail, poulet \u00e0 la sauce piquante<br>Dessert: salade de fruits ou glace ou beignet<\/p>\n<\/blockquote>\n\n\n\n<blockquote class=\"wp-block-quote is-layout-flow wp-block-quote-is-layout-flow\">\n<p><strong>Menu table de riz <\/strong>(min. 2 pers.) &#8211; 38,00 P.P<br>Potage au choix<br>Assortiment \u00e0 la vapeur<br>Plat compos\u00e9 de: canard laqu\u00e9, scampis \u00ab\u00a0Ming Ha\u00a0\u00bb, calamars sauce piquante, <br>porc frit \u00e0 la sauce aigre-douce, boeuf aux champignons chinois<br>Riz saut\u00e9 cantonnais<br>Dessert: au choix<\/p>\n<\/blockquote>\n\n\n\n<blockquote class=\"wp-block-quote is-layout-flow wp-block-quote-is-layout-flow\">\n<p><strong>Menu Fruits de mer<\/strong> (min. 2 pers.) &#8211; 45.00 P.P<br>Potage aux fruits de mer<br>Entr\u00e9e: Scampis \u00e0 l&rsquo;ail<br>Plats compos\u00e9 de: Cabillaud frit sauce aigre-douce, scampis \u00ab\u00a0Ming ha\u00a0\u00bb<br>Coquille Saint-Jacques Maison, calamars sauce piquante<br>Riz saut\u00e9 cantonnais<br>Dessert: au choix<\/p>\n<\/blockquote>\n\n\n\n<blockquote class=\"wp-block-quote is-layout-flow wp-block-quote-is-layout-flow\">\n<p><strong>Menu Fondue<\/strong> (min. 2 pers.) &#8211; 38,00 P.P<br>Hors d&rsquo;\u0153uvre chinois ou assortiment \u00e0 la vapeur<br>Fondue compos\u00e9e de: Scampis-calamars-poissons-poulet-boeuf-noix de Saint-Jaques<br>Vermicelles et l\u00e9gumes<br>Dessert: au choix<\/p>\n<\/blockquote>\n","protected":false},"excerpt":{"rendered":"<p>R\u00e9servez au 081356160 Nos potages : Potage Wantan 6.50Cr\u00e8me de nid d&rsquo;hirondelle 5.00Potage piquant 5.00Potage aux champignons et cheveux d&rsquo;ange 5..00Potage aux scampis et \u00e0 la citronnelle tha\u00ef 8,00Potage au poulet, lait de coco et citronnelle 7.00 Entr\u00e9es froides :Carpaccio de boeuf, citron et cacahu\u00e8tes 15.00Salade aux l\u00e9gumes 8.00Salade de soja et poulet 8.00 Entr\u00e9es <a href=\"https:\/\/hotelcamelia.be\/?page_id=49\" class=\"more-link\">[&hellip;]<\/a><\/p>\n","protected":false},"author":1,"featured_media":0,"parent":0,"menu_order":0,"comment_status":"closed","ping_status":"closed","template":"","meta":{"spay_email":"","footnotes":""},"class_list":["post-49","page","type-page","status-publish","hentry"],"yoast_head":"<!-- This site is optimized with the Yoast SEO plugin v16.2 - https:\/\/yoast.com\/wordpress\/plugins\/seo\/ -->\n<title>Restaurant - Le Cam\u00e9lia<\/title>\n<meta name=\"robots\" content=\"index, follow, max-snippet:-1, max-image-preview:large, max-video-preview:-1\" \/>\n<link rel=\"canonical\" href=\"https:\/\/hotelcamelia.be\/?page_id=49\" \/>\n<meta property=\"og:locale\" content=\"fr_FR\" \/>\n<meta property=\"og:type\" content=\"article\" \/>\n<meta property=\"og:title\" content=\"Restaurant - Le Cam\u00e9lia\" \/>\n<meta property=\"og:description\" content=\"R\u00e9servez au 081356160 Nos potages : Potage Wantan 6.50Cr\u00e8me de nid d&rsquo;hirondelle 5.00Potage piquant 5.00Potage aux champignons et cheveux d&rsquo;ange 5..00Potage aux scampis et \u00e0 la citronnelle tha\u00ef 8,00Potage au poulet, lait de coco et citronnelle 7.00 Entr\u00e9es froides :Carpaccio de boeuf, citron et cacahu\u00e8tes 15.00Salade aux l\u00e9gumes 8.00Salade de soja et poulet 8.00 Entr\u00e9es [&hellip;]\" \/>\n<meta property=\"og:url\" content=\"https:\/\/hotelcamelia.be\/?page_id=49\" \/>\n<meta property=\"og:site_name\" content=\"Le Cam\u00e9lia\" \/>\n<meta property=\"article:modified_time\" content=\"2025-12-03T21:57:17+00:00\" \/>\n<meta name=\"twitter:card\" content=\"summary_large_image\" \/>\n<meta name=\"twitter:label1\" content=\"Dur\u00e9e de lecture est.\">\n\t<meta name=\"twitter:data1\" content=\"5 minutes\">\n<script type=\"application\/ld+json\" class=\"yoast-schema-graph\">{\"@context\":\"https:\/\/schema.org\",\"@graph\":[{\"@type\":\"WebSite\",\"@id\":\"https:\/\/hotelcamelia.be\/#website\",\"url\":\"https:\/\/hotelcamelia.be\/\",\"name\":\"Le Cam\\u00e9lia\",\"description\":\"Bienvenue\",\"potentialAction\":[{\"@type\":\"SearchAction\",\"target\":\"https:\/\/hotelcamelia.be\/?s={search_term_string}\",\"query-input\":\"required name=search_term_string\"}],\"inLanguage\":\"fr-FR\"},{\"@type\":\"WebPage\",\"@id\":\"https:\/\/hotelcamelia.be\/?page_id=49#webpage\",\"url\":\"https:\/\/hotelcamelia.be\/?page_id=49\",\"name\":\"Restaurant - Le Cam\\u00e9lia\",\"isPartOf\":{\"@id\":\"https:\/\/hotelcamelia.be\/#website\"},\"datePublished\":\"2021-05-12T14:11:11+00:00\",\"dateModified\":\"2025-12-03T21:57:17+00:00\",\"breadcrumb\":{\"@id\":\"https:\/\/hotelcamelia.be\/?page_id=49#breadcrumb\"},\"inLanguage\":\"fr-FR\",\"potentialAction\":[{\"@type\":\"ReadAction\",\"target\":[\"https:\/\/hotelcamelia.be\/?page_id=49\"]}]},{\"@type\":\"BreadcrumbList\",\"@id\":\"https:\/\/hotelcamelia.be\/?page_id=49#breadcrumb\",\"itemListElement\":[{\"@type\":\"ListItem\",\"position\":1,\"item\":{\"@type\":\"WebPage\",\"@id\":\"https:\/\/hotelcamelia.be\/\",\"url\":\"https:\/\/hotelcamelia.be\/\",\"name\":\"Accueil\"}},{\"@type\":\"ListItem\",\"position\":2,\"item\":{\"@id\":\"https:\/\/hotelcamelia.be\/?page_id=49#webpage\"}}]}]}<\/script>\n<!-- \/ Yoast SEO plugin. -->","_links":{"self":[{"href":"https:\/\/hotelcamelia.be\/index.php?rest_route=\/wp\/v2\/pages\/49","targetHints":{"allow":["GET"]}}],"collection":[{"href":"https:\/\/hotelcamelia.be\/index.php?rest_route=\/wp\/v2\/pages"}],"about":[{"href":"https:\/\/hotelcamelia.be\/index.php?rest_route=\/wp\/v2\/types\/page"}],"author":[{"embeddable":true,"href":"https:\/\/hotelcamelia.be\/index.php?rest_route=\/wp\/v2\/users\/1"}],"replies":[{"embeddable":true,"href":"https:\/\/hotelcamelia.be\/index.php?rest_route=%2Fwp%2Fv2%2Fcomments&post=49"}],"version-history":[{"count":15,"href":"https:\/\/hotelcamelia.be\/index.php?rest_route=\/wp\/v2\/pages\/49\/revisions"}],"predecessor-version":[{"id":91,"href":"https:\/\/hotelcamelia.be\/index.php?rest_route=\/wp\/v2\/pages\/49\/revisions\/91"}],"wp:attachment":[{"href":"https:\/\/hotelcamelia.be\/index.php?rest_route=%2Fwp%2Fv2%2Fmedia&parent=49"}],"curies":[{"name":"wp","href":"https:\/\/api.w.org\/{rel}","templated":true}]}}